{"id":39,"date":"2018-06-26T18:14:10","date_gmt":"2018-06-26T18:14:10","guid":{"rendered":"http:\/\/xn--krperleben-ecb.de\/?page_id=39"},"modified":"2023-04-20T00:23:02","modified_gmt":"2023-04-19T22:23:02","slug":"raufspiele","status":"publish","type":"page","link":"https:\/\/xn--krperleben-ecb.de\/?page_id=39","title":{"rendered":"Raufspiele"},"content":{"rendered":"\t\t<div data-elementor-type=\"wp-page\" data-elementor-id=\"39\" class=\"elementor elementor-39\" data-elementor-settings=\"[]\">\n\t\t\t\t\t\t<div class=\"elementor-inner\">\n\t\t\t\t\t\t\t<div class=\"elementor-section-wrap\">\n\t\t\t\t\t\t\t<section class=\"elementor-section elementor-top-section elementor-element elementor-element-6d21770d elementor-section-boxed elementor-section-height-default elementor-section-height-default\" data-id=\"6d21770d\" data-element_type=\"section\">\n\t\t\t\t\t\t<div class=\"elementor-container elementor-column-gap-default\">\n\t\t\t\t\t\t\t<div class=\"elementor-row\">\n\t\t\t\t\t<div class=\"elementor-column elementor-col-100 elementor-top-column elementor-element elementor-element-216e0ca6\" data-id=\"216e0ca6\" data-element_type=\"column\">\n\t\t\t<div class=\"elementor-column-wrap elementor-element-populated\">\n\t\t\t\t\t\t\t<div class=\"elementor-widget-wrap\">\n\t\t\t\t\t\t<div class=\"elementor-element elementor-element-5e78e4f2 elementor-widget elementor-widget-text-editor\" data-id=\"5e78e4f2\" data-element_type=\"widget\" data-widget_type=\"text-editor.default\">\n\t\t\t\t<div class=\"elementor-widget-container\">\n\t\t\t\t\t\t\t\t<div class=\"elementor-text-editor elementor-clearfix\">\n\t\t\t\t<h3><span style=\"color: #000000;\"><img loading=\"lazy\" class=\"size-medium wp-image-420 alignleft\" src=\"http:\/\/xn--krperleben-ecb.de\/wp-content\/uploads\/2021\/04\/20191118_155629-300x225.jpg\" alt=\"\" width=\"300\" height=\"225\" srcset=\"https:\/\/xn--krperleben-ecb.de\/wp-content\/uploads\/2021\/04\/20191118_155629-300x225.jpg 300w, https:\/\/xn--krperleben-ecb.de\/wp-content\/uploads\/2021\/04\/20191118_155629-1024x768.jpg 1024w, https:\/\/xn--krperleben-ecb.de\/wp-content\/uploads\/2021\/04\/20191118_155629-768x576.jpg 768w, https:\/\/xn--krperleben-ecb.de\/wp-content\/uploads\/2021\/04\/20191118_155629-1536x1152.jpg 1536w, https:\/\/xn--krperleben-ecb.de\/wp-content\/uploads\/2021\/04\/20191118_155629-2048x1536.jpg 2048w\" sizes=\"(max-width: 300px) 100vw, 300px\" \/><\/span><\/h3><h3><span style=\"color: #000000;\"><span style=\"font-family: arial, helvetica, sans-serif;\">Was sind Raufspiele?\u00a0<\/span><\/span><\/h3><p><span style=\"color: #000000;\">Ein Raum mit Matten. Ein Kreis aus Menschen, sitzend. Eine Person begibt sich in die Mitte und fordert eine weitere Person auf. Stimmt diese zu, sind zwei in der Mitte. Kontakt, Spiel, Kampf, zwei Menschen, gegeneinander, miteinander. Der Kreis drum herum schaut zu und h\u00e4lt den Rahmen.<\/span><\/p><p><span style=\"color: #000000;\">Das urspr\u00fcngliche Format hierzu stammt von Reinhard Gaida (siehe: <a style=\"color: #000000;\" href=\"https:\/\/schwelle.at\/\" data-saferedirecturl=\"https:\/\/www.google.com\/url?q=https:\/\/schwelle.at\/&amp;source=gmail&amp;ust=1636454105730000&amp;usg=AFQjCNHB6VRhdFrdRpPWuJlSfYIr_HRHKQ\">https:\/\/schwelle.at\/<\/a>); meine etwas abgewandelten Raufspiele gibt es mittlerweile seit mehr als 5 Jahren. Das Ganze macht unglaublichen Spa\u00df und du kannst ohne jegliches Vorwissen mitmachen, denn: Du entscheidest f\u00fcr dich selbst und im Kontakt mit einer anderen Person von Moment zu Moment was gerade angebracht ist. Das k\u00f6nnen einfach Ber\u00fchrungen sein, sich lange anschauen, k\u00e4mpfen, kuscheln, \u2026 Die einzige Grenze ist ein gesagtes \u201cNein \/ Stop\u201d von dir selbst oder von der Person, mit der du in Kontakt bist. Ansonsten sind die Raufspiele fast ausschlie\u00dflich nonverbal.<\/span><\/p><p><span style=\"color: #000000;\">Das Sch\u00f6ne ist, dass niemand vorher wei\u00df, was gleich passieren wird. Alles ist offen und h\u00e4ngt sowohl von dir als auch von der anderen Person ab, mit der du nonverbal kommunizierst.<\/span><\/p><p><span style=\"color: #000000;\">Kampferfahrung ist weder notwendig noch besonders hilfreich. \ud83d\ude09 Du bist nat\u00fcrlich herzlich eingeladen zu k\u00e4mpfen \u2013 gleichwohl bist du genauso eingeladen dich selbst und andere durch den im Moment entstehenden Reichtum an Reaktionsm\u00f6glichkeiten zu \u00fcberraschen.<\/span><\/p><p><span style=\"color: #000000;\">Teilnehmen kannst du aus den unterschiedlichsten Motiven heraus. Dich ausprobieren wollen, dich \u00fcber- vs. unterlegen f\u00fchlen, dich im Spielen versuchen, mit einer Person k\u00e4mpfen, die du attraktiv findest, einfach mal zuschauen, \u2026<\/span><\/p><p><span style=\"color: #000000;\">Offen f\u00fcr alle ab 18 Jahren.<\/span><br \/><span style=\"color: #000000;\">\u00a0<\/span><\/p><p><span style=\"color: #000000;\"><img loading=\"lazy\" class=\"size-medium wp-image-422 alignright\" src=\"http:\/\/xn--krperleben-ecb.de\/wp-content\/uploads\/2021\/04\/20191118_155732-300x225.jpg\" alt=\"\" width=\"300\" height=\"225\" srcset=\"https:\/\/xn--krperleben-ecb.de\/wp-content\/uploads\/2021\/04\/20191118_155732-300x225.jpg 300w, https:\/\/xn--krperleben-ecb.de\/wp-content\/uploads\/2021\/04\/20191118_155732-1024x768.jpg 1024w, https:\/\/xn--krperleben-ecb.de\/wp-content\/uploads\/2021\/04\/20191118_155732-768x576.jpg 768w, https:\/\/xn--krperleben-ecb.de\/wp-content\/uploads\/2021\/04\/20191118_155732-1536x1152.jpg 1536w, https:\/\/xn--krperleben-ecb.de\/wp-content\/uploads\/2021\/04\/20191118_155732-2048x1536.jpg 2048w\" sizes=\"(max-width: 300px) 100vw, 300px\" \/><\/span><\/p><h4><span style=\"color: #000000;\">N\u00fctzliche Informationen<\/span><\/h4><p><span style=\"color: #000000;\">Es gibt einen festgesetzten Beginn. Nach diesem ist kein Einlass mehr m\u00f6glich. Daher hast Du ab einer halben Stunde vor Beginn die M\u00f6glichkeit, in Ruhe anzukommen.<\/span><br \/><span style=\"color: #000000;\">Der Preis folgt einem solidarischen Prinzip, nach dem du selbst entscheidest, wie viel du bezahlst. Entscheidungshilfreiche Faktoren k\u00f6nnen sein: Die Menge des dir zur Verf\u00fcgung stehenden Geldes, ein Vergleich mit \u00e4hnlichen Veranstaltungen, und generell eine Abw\u00e4gung danach, was dir angemessen erscheint. Ausgaben entstehen f\u00fcr mich durch Anfahrtskosten, Raummiete und Werbekosten (jeweils variierend pro Ort). In den Raufspielen selbst spreche ich in der Anfangsrunde nochmal ausf\u00fchrlicher \u00fcber das Thema. Wenn du zum ersten Mal kommen m\u00f6chtest und das alles \u00fcberfordernd empfindest, empfehle ich dir, die Raufspiele zu erleben und dich hinterher mit dem Preis zu besch\u00e4ftigen, da du dann eher wei\u00dft, was du da bezahlst. \ud83d\ude42 <\/span><br \/><span style=\"color: #000000;\">Kleidung: Sinnvoll ist eine lange Hose aufgrund der Matten, und im Winter Pulli und dicke Socken.<\/span><br \/><span style=\"color: #000000;\">In der Pause sitzen wir noch gem\u00fctlich bei Tee (im Winter) und Keksen zusammen. Wer mag ist hierf\u00fcr herzlich eingeladen, Kekse \/ herzhafte Knabbereien \/ Obst beizusteuern und ggf. eine eigene Tasse f\u00fcr den Tee mitzubringen.<\/span><br \/><span style=\"color: #000000;\">Nachricht weiter verbreiten ist ausdr\u00fccklich erlaubt! \ud83d\ude42<\/span><\/p><p>Website: <br \/><a href=\"http:\/\/raufspiele.de\">raufspiele.de<\/a><\/p><p><span style=\"color: #000000;\">Facebook-Gruppe zur Vernetzung:<\/span><br \/><span style=\"color: #000000;\"><a style=\"color: #000000;\" href=\"https:\/\/www.facebook.com\/groups\/655209531534251\/\" target=\"_blank\" rel=\"noopener\">https:\/\/www.facebook.com\/groups\/655209531534251\/<\/a><\/span><\/p><p><span style=\"color: #000000;\">Artikel im Blog Deviante Pfade:<\/span><br \/><span style=\"color: #000000;\"><a style=\"color: #000000;\" href=\"https:\/\/www.deviante-pfade.de\/wie-funktioniert-menschliche-annaeherung-interview-mit-merle-ueber-raufspiele\/?fbclid=IwAR1x57ocQOwsMwgSVh35hBiPhr_kkPhbL-lGlCLEqDCICpv5E6z4_Iolwbk\" target=\"_blank\" rel=\"nofollow noopener\" data-lynx-mode=\"hover\" data-lynx-uri=\"https:\/\/l.facebook.com\/l.php?u=https%3A%2F%2Fwww.deviante-pfade.de%2Fwie-funktioniert-menschliche-annaeherung-interview-mit-merle-ueber-raufspiele%2F%3Ffbclid%3DIwAR1x57ocQOwsMwgSVh35hBiPhr_kkPhbL-lGlCLEqDCICpv5E6z4_Iolwbk&amp;h=AT0xnSNuxa81NFT1SKaflefKDc3vTlHsB7XAKPs_i5zM4Kp6y3_4yo15mSL7vJmFLEbXTyIK6Du6ifpjNkWD8o1HZ0VvOnVvRIPEAKGOG1LYPYs2O2vEcLaw4fBnec1-M7aJ1_iZqQ\">https:\/\/www.deviante-pfade.de\/wie-funktioniert-menschliche-annaeherung-interview-mit-merle-ueber-raufspiele\/<\/a><\/span><\/p><p><span style=\"color: #000000;\">Artikel im Tagblatt Anzeiger:<\/span><br \/><span style=\"color: #000000;\"><a style=\"color: #000000;\" href=\"https:\/\/www.tagblatt-anzeiger.de\/Nachrichten\/In-Tuebingen-trifft-sich-eine-Gruppe-zu-Raufspielen-372665.html?fbclid=IwAR3s32f53WAZIV3wQ_8r9cZvW_ETQ0G5N2s_qAVhoQuMxyTz5wGVfK6B0XE\" target=\"_blank\" rel=\"nofollow noopener\" data-lynx-mode=\"hover\" data-lynx-uri=\"https:\/\/l.facebook.com\/l.php?u=https%3A%2F%2Fwww.tagblatt-anzeiger.de%2FNachrichten%2FIn-Tuebingen-trifft-sich-eine-Gruppe-zu-Raufspielen-372665.html%3Ffbclid%3DIwAR3s32f53WAZIV3wQ_8r9cZvW_ETQ0G5N2s_qAVhoQuMxyTz5wGVfK6B0XE&amp;h=AT3GNcYozh0S5F-vk2hxvSSlw4CiJ-UGmazsy6QD1Il81nflRdapZXVuJiUWWtxPqlKMFzydMCwUFSDNWJfe2Fbixqavw-4-mmHIVQmL41TP8Zf5C1DJJo0jBv00_jBlOrzG4gxgcg\">https:\/\/www.tagblatt-anzeiger.de\/Nachrichten\/In-Tuebingen-trifft-sich-eine-Gruppe-zu-Raufspielen-372665.html<\/a><\/span><\/p>\t\t\t\t\t<\/div>\n\t\t\t\t\t\t<\/div>\n\t\t\t\t<\/div>\n\t\t\t\t\t\t<\/div>\n\t\t\t\t\t<\/div>\n\t\t<\/div>\n\t\t\t\t\t\t\t\t<\/div>\n\t\t\t\t\t<\/div>\n\t\t<\/section>\n\t\t\t\t\t\t<\/div>\n\t\t\t\t\t\t<\/div>\n\t\t\t\t\t<\/div>\n\t\t","protected":false},"excerpt":{"rendered":"<p>Was sind Raufspiele?\u00a0 Ein Raum mit Matten. Ein Kreis aus Menschen, sitzend. Eine Person begibt sich in die Mitte und fordert eine weitere Person auf. Stimmt diese zu, sind zwei [&hellip;]<\/p>\n","protected":false},"author":1,"featured_media":0,"parent":0,"menu_order":0,"comment_status":"closed","ping_status":"closed","template":"","meta":[],"_links":{"self":[{"href":"https:\/\/xn--krperleben-ecb.de\/index.php?rest_route=\/wp\/v2\/pages\/39"}],"collection":[{"href":"https:\/\/xn--krperleben-ecb.de\/index.php?rest_route=\/wp\/v2\/pages"}],"about":[{"href":"https:\/\/xn--krperleben-ecb.de\/index.php?rest_route=\/wp\/v2\/types\/page"}],"author":[{"embeddable":true,"href":"https:\/\/xn--krperleben-ecb.de\/index.php?rest_route=\/wp\/v2\/users\/1"}],"replies":[{"embeddable":true,"href":"https:\/\/xn--krperleben-ecb.de\/index.php?rest_route=%2Fwp%2Fv2%2Fcomments&post=39"}],"version-history":[{"count":27,"href":"https:\/\/xn--krperleben-ecb.de\/index.php?rest_route=\/wp\/v2\/pages\/39\/revisions"}],"predecessor-version":[{"id":881,"href":"https:\/\/xn--krperleben-ecb.de\/index.php?rest_route=\/wp\/v2\/pages\/39\/revisions\/881"}],"wp:attachment":[{"href":"https:\/\/xn--krperleben-ecb.de\/index.php?rest_route=%2Fwp%2Fv2%2Fmedia&parent=39"}],"curies":[{"name":"wp","href":"https:\/\/api.w.org\/{rel}","templated":true}]}}