{"id":401,"date":"2021-04-23T00:36:02","date_gmt":"2021-04-22T22:36:02","guid":{"rendered":"http:\/\/xn--krperleben-ecb.de\/?page_id=401"},"modified":"2023-11-12T21:20:25","modified_gmt":"2023-11-12T20:20:25","slug":"krafttraining","status":"publish","type":"page","link":"https:\/\/xn--krperleben-ecb.de\/?page_id=401","title":{"rendered":"Krafttraining"},"content":{"rendered":"\n<h4>Feministisches Kraft-Training, personal oder in Kleingruppen. Teilweise FLINTAQ-only, teilweise all gender welcome, immer ohne Bodyshaming. Wir trainieren meist drau\u00dfen und h\u00e4ufig mit dem eigenen K\u00f6rpergewicht. Aktuell laufende Gruppen auch in Frankfurt (Main) am Uni-Sport. Bei Interesse bitte melden unter koerperleben[at]posteo.net<br><\/h4>\n\n\n\n<p>Dienstag: <\/p>\n\n\n\n<ul><li>18:15-19:30 Frankfurt (Main) &#8211; all gender; Aufnahme auf Anfrage<\/li><\/ul>\n\n\n\n<p><\/p>\n\n\n\n<p>Mittwoch: <\/p>\n\n\n\n<ul><li>17-18 FLINTAQ-only Krafttraining im Kraftraum, Sportcampus Ginnheim Frankfurt a.M.<\/li><li>18-19 FLINTAQ-only Krafttraining outdoor, Sportcampus Ginnheim Frankfurt a.M. <\/li><li>19-20 Kettlebell Training outdoor, Sportcampus Ginnheim Frankfurt a.M. <\/li><\/ul>\n\n\n\n<p><a href=\"https:\/\/zfh-db.sport.uni-frankfurt.de\/angebote\/aktueller_zeitraum\/index.html\">Anmeldung \u00fcber den Hochschulsport<\/a> oder anmelden unter koerperleben[at]posteo.net<\/p>\n\n\n\n<p><\/p>\n","protected":false},"excerpt":{"rendered":"<p>Feministisches Kraft-Training, personal oder in Kleingruppen. Teilweise FLINTAQ-only, teilweise all gender welcome, immer ohne Bodyshaming. Wir trainieren meist drau\u00dfen und h\u00e4ufig mit dem eigenen K\u00f6rpergewicht. Aktuell laufende Gruppen auch in [&hellip;]<\/p>\n","protected":false},"author":1,"featured_media":0,"parent":0,"menu_order":0,"comment_status":"closed","ping_status":"closed","template":"","meta":[],"_links":{"self":[{"href":"https:\/\/xn--krperleben-ecb.de\/index.php?rest_route=\/wp\/v2\/pages\/401"}],"collection":[{"href":"https:\/\/xn--krperleben-ecb.de\/index.php?rest_route=\/wp\/v2\/pages"}],"about":[{"href":"https:\/\/xn--krperleben-ecb.de\/index.php?rest_route=\/wp\/v2\/types\/page"}],"author":[{"embeddable":true,"href":"https:\/\/xn--krperleben-ecb.de\/index.php?rest_route=\/wp\/v2\/users\/1"}],"replies":[{"embeddable":true,"href":"https:\/\/xn--krperleben-ecb.de\/index.php?rest_route=%2Fwp%2Fv2%2Fcomments&post=401"}],"version-history":[{"count":14,"href":"https:\/\/xn--krperleben-ecb.de\/index.php?rest_route=\/wp\/v2\/pages\/401\/revisions"}],"predecessor-version":[{"id":899,"href":"https:\/\/xn--krperleben-ecb.de\/index.php?rest_route=\/wp\/v2\/pages\/401\/revisions\/899"}],"wp:attachment":[{"href":"https:\/\/xn--krperleben-ecb.de\/index.php?rest_route=%2Fwp%2Fv2%2Fmedia&parent=401"}],"curies":[{"name":"wp","href":"https:\/\/api.w.org\/{rel}","templated":true}]}}