{"id":41,"date":"2021-04-23T00:54:33","date_gmt":"2021-04-22T22:54:33","guid":{"rendered":"http:\/\/xn--krperleben-ecb.de\/?page_id=41"},"modified":"2022-02-04T02:01:21","modified_gmt":"2022-02-04T01:01:21","slug":"kontaktseminare","status":"publish","type":"page","link":"https:\/\/xn--krperleben-ecb.de\/?page_id=41","title":{"rendered":"Seminare"},"content":{"rendered":"\n<h3>Kontakt trotz Abstand<\/h3>\n\n\n\n<div class=\"wp-block-media-text alignwide is-stacked-on-mobile is-vertically-aligned-center is-image-fill\"><figure class=\"wp-block-media-text__media\" style=\"background-image:url(https:\/\/xn--krperleben-ecb.de\/wp-content\/uploads\/2022\/02\/pexels-cottonbro-3957988-1-scaled.jpg);background-position:50% 48%\"><img loading=\"lazy\" width=\"1707\" height=\"2560\" src=\"https:\/\/xn--krperleben-ecb.de\/wp-content\/uploads\/2022\/02\/pexels-cottonbro-3957988-1-scaled.jpg\" alt=\"\" class=\"wp-image-614 size-full\" srcset=\"https:\/\/xn--krperleben-ecb.de\/wp-content\/uploads\/2022\/02\/pexels-cottonbro-3957988-1-scaled.jpg 1707w, https:\/\/xn--krperleben-ecb.de\/wp-content\/uploads\/2022\/02\/pexels-cottonbro-3957988-1-200x300.jpg 200w, https:\/\/xn--krperleben-ecb.de\/wp-content\/uploads\/2022\/02\/pexels-cottonbro-3957988-1-683x1024.jpg 683w, https:\/\/xn--krperleben-ecb.de\/wp-content\/uploads\/2022\/02\/pexels-cottonbro-3957988-1-768x1152.jpg 768w, https:\/\/xn--krperleben-ecb.de\/wp-content\/uploads\/2022\/02\/pexels-cottonbro-3957988-1-1024x1536.jpg 1024w, https:\/\/xn--krperleben-ecb.de\/wp-content\/uploads\/2022\/02\/pexels-cottonbro-3957988-1-1365x2048.jpg 1365w\" sizes=\"(max-width: 1707px) 100vw, 1707px\" \/><\/figure><div class=\"wp-block-media-text__content\"><p class=\"fonts-plugin-block \" style=\"font-weight: normal\">In der momentanen Pandemie-Situation sind wir gezwungen, Abstand zu halten &#8211; k\u00f6rperlich und auch durch Alltagsmasken, welche einen Teil des Gesichts und damit der Mimik verdecken. Was macht Abstand halten mit uns? Wie k\u00f6nnen wir trotzdem in Kontakt sein, menschliche W\u00e4rme sp\u00fcren und Freundlichkeit, Zusammensein, erleben? Mit diesem Seminar will ich einen Raum schaffen, in welchem regelm\u00e4\u00dfig die M\u00f6glichkeit besteht, in solchen Kontakt zu treten. Zu \u00fcben, gewisserma\u00dfen. Denn das ist leichter gedacht als getan.<\/p>\n\n\n<p><\/p>\n<\/div><\/div>\n\n\n\n<p> <\/p>\n\n\n\n<h3>Rot<\/h3>\n\n\n\n<div class=\"wp-block-media-text alignwide is-stacked-on-mobile is-image-fill\"><figure class=\"wp-block-media-text__media\" style=\"background-image:url(https:\/\/xn--krperleben-ecb.de\/wp-content\/uploads\/2021\/04\/anger-794699_1280-1024x576.jpg);background-position:52% 40%\"><img loading=\"lazy\" width=\"1024\" height=\"576\" src=\"https:\/\/xn--krperleben-ecb.de\/wp-content\/uploads\/2021\/04\/anger-794699_1280-1024x576.jpg\" alt=\"\" class=\"wp-image-428 size-large\" srcset=\"https:\/\/xn--krperleben-ecb.de\/wp-content\/uploads\/2021\/04\/anger-794699_1280-1024x576.jpg 1024w, https:\/\/xn--krperleben-ecb.de\/wp-content\/uploads\/2021\/04\/anger-794699_1280-300x169.jpg 300w, https:\/\/xn--krperleben-ecb.de\/wp-content\/uploads\/2021\/04\/anger-794699_1280-768x432.jpg 768w, https:\/\/xn--krperleben-ecb.de\/wp-content\/uploads\/2021\/04\/anger-794699_1280.jpg 1280w\" sizes=\"(max-width: 1024px) 100vw, 1024px\" \/><\/figure><div class=\"wp-block-media-text__content\"><p class=\"fonts-plugin-block \" style=\"font-weight: normal\">Angst, Wut, Trauer, Ekel, Neid, Eifersucht, .. Die Spannbreite dessen, was wir als \u201enegative Emotionen\u201c oder \u201enegative Gef\u00fchle\u201c bezeichnen, ist gro\u00df. Uns allen ist das eine oder andere dieser Gef\u00fchle schon einmal untergekommen. Es geht um die Gef\u00fchle, gegen die man ank\u00e4mpft, denen man ausweicht, die einen herunterziehen. Gef\u00fchle, die man trotz aller rationalen Analysen irgendwann unterdr\u00fccken muss, weil es eben auch noch ein Leben gibt das gelebt werden will. Gef\u00fchle, denen man machtlos gegen\u00fcbersteht, wenn man doch einmal den Mut aufbringt, kurz in ihre Richtung zu schauen. In diesem Seminar geht darum, herauszufinden, was diese Gef\u00fchle eigentlich sind, was sie bedeuten und wie es f\u00fcr dich m\u00f6glich ist, damit umzugehen.<\/p><\/div><\/div>\n\n\n\n<p><\/p>\n\n\n\n<h3>Gr\u00fcn<\/h3>\n\n\n\n<div class=\"wp-block-media-text alignwide is-stacked-on-mobile\"><figure class=\"wp-block-media-text__media\"><img loading=\"lazy\" width=\"1024\" height=\"683\" src=\"http:\/\/xn--krperleben-ecb.de\/wp-content\/uploads\/2019\/04\/butterbur-3469942_1920-1024x683.jpg\" alt=\"\" class=\"wp-image-191 size-full\" srcset=\"https:\/\/xn--krperleben-ecb.de\/wp-content\/uploads\/2019\/04\/butterbur-3469942_1920-1024x683.jpg 1024w, https:\/\/xn--krperleben-ecb.de\/wp-content\/uploads\/2019\/04\/butterbur-3469942_1920-300x200.jpg 300w, https:\/\/xn--krperleben-ecb.de\/wp-content\/uploads\/2019\/04\/butterbur-3469942_1920-768x512.jpg 768w, https:\/\/xn--krperleben-ecb.de\/wp-content\/uploads\/2019\/04\/butterbur-3469942_1920-180x120.jpg 180w, https:\/\/xn--krperleben-ecb.de\/wp-content\/uploads\/2019\/04\/butterbur-3469942_1920.jpg 1920w\" sizes=\"(max-width: 1024px) 100vw, 1024px\" \/><\/figure><div class=\"wp-block-media-text__content\"><p class=\"fonts-plugin-block \" style=\"font-weight: normal\">Miteinander in Kontakt treten, authentisch ja und authentisch nein sagen, eigenen Impulsen folgen anstatt nur \u00fcber sie nachzudenken: In diesem Seminar dreht sich alles um den ersten Moment des unmittelbaren Kontakts. Aufregung, Mut, nicht-Wissen, Vertrauen, sich-Sp\u00fcren und Tun spielen hierbei eine Rolle. Was du dich davon in den Raufspielen (noch) nicht traust, kannst du hier \u00fcben. <\/p><\/div><\/div>\n\n\n\n<p><\/p>\n","protected":false},"excerpt":{"rendered":"<p>Kontakt trotz Abstand Rot Gr\u00fcn<\/p>\n","protected":false},"author":1,"featured_media":0,"parent":0,"menu_order":0,"comment_status":"closed","ping_status":"closed","template":"","meta":[],"_links":{"self":[{"href":"https:\/\/xn--krperleben-ecb.de\/index.php?rest_route=\/wp\/v2\/pages\/41"}],"collection":[{"href":"https:\/\/xn--krperleben-ecb.de\/index.php?rest_route=\/wp\/v2\/pages"}],"about":[{"href":"https:\/\/xn--krperleben-ecb.de\/index.php?rest_route=\/wp\/v2\/types\/page"}],"author":[{"embeddable":true,"href":"https:\/\/xn--krperleben-ecb.de\/index.php?rest_route=\/wp\/v2\/users\/1"}],"replies":[{"embeddable":true,"href":"https:\/\/xn--krperleben-ecb.de\/index.php?rest_route=%2Fwp%2Fv2%2Fcomments&post=41"}],"version-history":[{"count":13,"href":"https:\/\/xn--krperleben-ecb.de\/index.php?rest_route=\/wp\/v2\/pages\/41\/revisions"}],"predecessor-version":[{"id":623,"href":"https:\/\/xn--krperleben-ecb.de\/index.php?rest_route=\/wp\/v2\/pages\/41\/revisions\/623"}],"wp:attachment":[{"href":"https:\/\/xn--krperleben-ecb.de\/index.php?rest_route=%2Fwp%2Fv2%2Fmedia&parent=41"}],"curies":[{"name":"wp","href":"https:\/\/api.w.org\/{rel}","templated":true}]}}