{"id":59,"date":"2018-06-27T15:04:31","date_gmt":"2018-06-27T15:04:31","guid":{"rendered":"http:\/\/xn--krperleben-ecb.de\/?page_id=59"},"modified":"2023-02-19T00:45:53","modified_gmt":"2023-02-18T23:45:53","slug":"impressum","status":"publish","type":"page","link":"https:\/\/xn--krperleben-ecb.de\/?page_id=59","title":{"rendered":"Impressum"},"content":{"rendered":"<pre class=\"western\"><span style=\"color: #515151;\"><span style=\"font-family: Liberation Serif, serif;\"><span style=\"font-size: medium;\">Alex Deutschmann<\/span><\/span><\/span>\n<span style=\"color: #515151;\"><span style=\"font-family: Liberation Serif, serif;\"><span style=\"font-size: medium;\">Bindingstr. 16<\/span><\/span><\/span>\n<span style=\"color: #515151;\"><span style=\"font-family: Liberation Serif, serif;\"><span style=\"font-size: medium;\">60598 Frankfurt am Main<\/span><\/span><\/span>\n<span style=\"color: #515151;\"><span style=\"font-family: Liberation Serif, serif;\"><span style=\"font-size: medium;\">Tel.: 01778717073<\/span><\/span><\/span>\n<span style=\"color: #515151;\"><span style=\"font-family: Liberation Serif, serif;\"><span style=\"font-size: medium;\">Email: koerperleben[at]posteo.net<\/span><\/span><\/span>\n<\/pre>\n<h3 class=\"western\"><span style=\"color: #515151;\"><span style=\"font-family: Liberation Serif, serif;\"><span style=\"font-size: medium;\">Haftungsausschluss (Disclaimer)<\/span><\/span><\/span><\/h3>\n<h3 class=\"western\"><strong><span style=\"color: #515151;\"><span style=\"font-family: Liberation Serif, serif;\"><span style=\"font-size: medium;\">Haftung f\u00fcr Inhalte<\/span><\/span><\/span><\/strong><\/h3>\n<p><span style=\"color: #515151;\"><span style=\"font-family: Liberation Serif, serif;\"><span style=\"font-size: medium;\">Als Diensteanbietende*r bin ich gem\u00e4\u00df \u00a7 7 Abs.1 TMG f\u00fcr eigene Inhalte auf diesen Seiten nach den allgemeinen Gesetzen verantwortlich. Nach \u00a7\u00a7 8 bis 10 TMG bin ich als Diensteanbietende*r jedoch nicht verpflichtet, \u00fcbermittelte oder gespeicherte fremde Informationen zu \u00fcberwachen oder nach Umst\u00e4nden zu forschen, die auf eine rechtswidrige T\u00e4tigkeit hinweisen. Verpflichtungen zur Entfernung oder Sperrung der Nutzung von Informationen nach den allgemeinen Gesetzen bleiben hiervon unber\u00fchrt. Eine diesbez\u00fcgliche Haftung ist jedoch erst ab dem Zeitpunkt der Kenntnis einer konkreten Rechtsverletzung m\u00f6glich. Bei Bekanntwerden von entsprechenden Rechtsverletzungen werde ich diese Inhalte umgehend entfernen.<\/span><\/span><\/span><\/p>\n<p><strong><span style=\"color: #515151;\"><span style=\"font-family: Liberation Serif, serif;\"><span style=\"font-size: medium;\">Haftung f\u00fcr Links<\/span><\/span><\/span><\/strong><\/p>\n<p><span style=\"color: #515151;\"><span style=\"font-family: Liberation Serif, serif;\"><span style=\"font-size: medium;\">Mein Angebot enth\u00e4lt Links zu externen Webseiten Dritter, auf deren Inhalte ich keinen Einfluss habe. Deshalb kann ich f\u00fcr diese fremden Inhalte auch keine Gew\u00e4hr \u00fcbernehmen. F\u00fcr die Inhalte der verlinkten Seiten ist stets die\/der jeweilige Anbietende oder Betreibende der Seiten verantwortlich. Die verlinkten Seiten wurden zum Zeitpunkt der Verlinkung auf m\u00f6gliche Rechtsverst\u00f6\u00dfe \u00fcberpr\u00fcft. Rechtswidrige Inhalte waren zum Zeitpunkt der Verlinkung nicht erkennbar. Eine permanente inhaltliche Kontrolle der verlinkten Seiten ist jedoch ohne konkrete Anhaltspunkte einer Rechtsverletzung nicht zumutbar. Bei Bekanntwerden von Rechtsverletzungen werde\u00a0ich derartige Links umgehend entfernen.<\/span><\/span><\/span><\/p>\n<p><strong><span style=\"color: #515151;\"><span style=\"font-family: Liberation Serif, serif;\"><span style=\"font-size: medium;\">Urheberrecht<\/span><\/span><\/span><\/strong><\/p>\n<p><span style=\"color: #515151;\"><span style=\"font-family: Liberation Serif, serif;\"><span style=\"font-size: medium;\">Die durch die Seitenbetreiber erstellten Inhalte und Werke auf diesen Seiten unterliegen dem deutschen Urheberrecht. Die Vervielf\u00e4ltigung, Bearbeitung, Verbreitung und jede Art der Verwertung au\u00dferhalb der Grenzen des Urheberrechtes bed\u00fcrfen der schriftlichen Zustimmung der\/des jeweiligen Autorin\/s bzw. Erstellenden. Downloads und Kopien dieser Seite sind nur f\u00fcr den privaten, nicht kommerziellen Gebrauch gestattet. Soweit die Inhalte auf dieser Seite nicht von der Betreiberin erstellt wurden, werden die Urheberrechte Dritter beachtet. Insbesondere werden Inhalte Dritter als solche gekennzeichnet. Sollten Sie trotzdem auf eine Urheberrechtsverletzung aufmerksam werden, bitte ich um einen entsprechenden Hinweis. Bei Bekanntwerden von Rechtsverletzungen werde ich derartige Inhalte umgehend entfernen.<\/span><\/span><\/span><\/p>\n\n\n<p><\/p>\n","protected":false},"excerpt":{"rendered":"<p>Alex Deutschmann Bindingstr. 16 60598 Frankfurt am Main Tel.: 01778717073 Email: koerperleben[at]posteo.net Haftungsausschluss (Disclaimer) Haftung f\u00fcr Inhalte Als Diensteanbietende*r bin ich gem\u00e4\u00df \u00a7 7 Abs.1 TMG f\u00fcr eigene Inhalte auf [&hellip;]<\/p>\n","protected":false},"author":1,"featured_media":0,"parent":0,"menu_order":0,"comment_status":"closed","ping_status":"closed","template":"","meta":[],"_links":{"self":[{"href":"https:\/\/xn--krperleben-ecb.de\/index.php?rest_route=\/wp\/v2\/pages\/59"}],"collection":[{"href":"https:\/\/xn--krperleben-ecb.de\/index.php?rest_route=\/wp\/v2\/pages"}],"about":[{"href":"https:\/\/xn--krperleben-ecb.de\/index.php?rest_route=\/wp\/v2\/types\/page"}],"author":[{"embeddable":true,"href":"https:\/\/xn--krperleben-ecb.de\/index.php?rest_route=\/wp\/v2\/users\/1"}],"replies":[{"embeddable":true,"href":"https:\/\/xn--krperleben-ecb.de\/index.php?rest_route=%2Fwp%2Fv2%2Fcomments&post=59"}],"version-history":[{"count":7,"href":"https:\/\/xn--krperleben-ecb.de\/index.php?rest_route=\/wp\/v2\/pages\/59\/revisions"}],"predecessor-version":[{"id":823,"href":"https:\/\/xn--krperleben-ecb.de\/index.php?rest_route=\/wp\/v2\/pages\/59\/revisions\/823"}],"wp:attachment":[{"href":"https:\/\/xn--krperleben-ecb.de\/index.php?rest_route=%2Fwp%2Fv2%2Fmedia&parent=59"}],"curies":[{"name":"wp","href":"https:\/\/api.w.org\/{rel}","templated":true}]}}